{"id":26,"date":"2023-12-28T00:07:23","date_gmt":"2023-12-28T00:07:23","guid":{"rendered":"https:\/\/solucionessepsa.com\/?page_id=26"},"modified":"2024-03-21T00:24:19","modified_gmt":"2024-03-21T06:24:19","slug":"servicios","status":"publish","type":"page","link":"https:\/\/solucionessepsa.com\/index.php\/servicios\/","title":{"rendered":"Servicios"},"content":{"rendered":"\n<div class=\"wp-block-cover alignfull is-light\" style=\"min-height:700px\"><span aria-hidden=\"true\" class=\"wp-block-cover__background has-background-dim\" style=\"background-color:#2f479d\"><\/span><video class=\"wp-block-cover__video-background intrinsic-ignore\" autoplay muted loop playsinline src=\"https:\/\/solucionessepsa.com\/wp-content\/uploads\/2024\/01\/soporte_SEPSA.mp4\" data-object-fit=\"cover\"><\/video><div class=\"wp-block-cover__inner-container is-layout-flow wp-block-cover-is-layout-flow\">\n<p class=\"has-text-align-center has-white-color has-text-color\" style=\"font-size:clamp(37.821px, 2.364rem + ((1vw - 3.2px) * 3.352), 70px);font-style:normal;font-weight:900\">Soporte T\u00e9cnico<\/p>\n\n\n\n<p class=\"has-text-align-center has-white-color has-text-color has-medium-font-size\" style=\"letter-spacing:1px\">Con un enfoque en la calidad, la innovaci\u00f3n y la satisfacci\u00f3n del cliente, nos esforzamos por ser su socio confiable en el fascinante mundo de los productos qu\u00edmicos y el laboratorio.<\/p>\n\n\n\n<div style=\"height:71px\" aria-hidden=\"true\" class=\"wp-block-spacer\"><\/div>\n<\/div><\/div>\n\n\n\n<div style=\"height:100px\" aria-hidden=\"true\" class=\"wp-block-spacer\"><\/div>\n\n\n\n<div class=\"wp-block-uagb-container uagb-block-357042bb alignfull uagb-is-root-container\"><div class=\"uagb-container-inner-blocks-wrap\">\n<div class=\"wp-block-uagb-container uagb-block-7a9a1386\">\n<div class=\"wp-block-uagb-image uagb-block-b7651125 wp-block-uagb-image--layout-default wp-block-uagb-image--effect-static wp-block-uagb-image--align-none\"><figure class=\"wp-block-uagb-image__figure\"><img decoding=\"async\" srcset=\"https:\/\/i0.wp.com\/solucionessepsa.com\/wp-content\/uploads\/2024\/01\/Paletas-de-colores-1024x576.jpg?resize=950%2C534&#038;ssl=1 ,https:\/\/solucionessepsa.com\/wp-content\/uploads\/2024\/01\/Paletas-de-colores.jpg 780w, https:\/\/solucionessepsa.com\/wp-content\/uploads\/2024\/01\/Paletas-de-colores.jpg 360w\" sizes=\"(max-width: 480px) 150px\" src=\"https:\/\/i0.wp.com\/solucionessepsa.com\/wp-content\/uploads\/2024\/01\/Paletas-de-colores-1024x576.jpg?resize=950%2C534&#038;ssl=1\" alt=\"\" class=\"uag-image-409\" width=\"950\" height=\"534\" title=\"\" loading=\"lazy\" role=\"img\" data-recalc-dims=\"1\"\/><\/figure><\/div>\n<\/div>\n\n\n\n<div class=\"wp-block-uagb-container uagb-block-b4c54864\">\n<p>Nuestros servicios incluyen la venta de sustancias qu\u00edmicas de alta calidad, reactivos especializados para diagn\u00f3stico, suministro de material y equipos de laboratorio de \u00faltima generaci\u00f3n, as\u00ed como soluciones de limpieza espec\u00edficas para entornos de laboratorio.<\/p>\n\n\n\n<p>Adem\u00e1s de nuestra amplia oferta de productos, brindamos asesor\u00eda t\u00e9cnica experta para ayudar a nuestros clientes a tomar decisiones informadas y seleccionar los productos m\u00e1s adecuados para sus aplicaciones espec\u00edficas.<\/p>\n<\/div>\n<\/div><\/div>\n\n\n\n<div style=\"height:100px\" aria-hidden=\"true\" class=\"wp-block-spacer\"><\/div>\n\n\n\n<div class=\"wp-block-uagb-container uagb-block-964bf0db alignfull uagb-is-root-container\"><div class=\"uagb-container-inner-blocks-wrap\">\n<div class=\"wp-block-uagb-container uagb-block-a2309a0b\">\n<div class=\"wp-block-uagb-info-box uagb-block-a7e76e2b uagb-infobox__content-wrap  uagb-infobox-icon-above-title uagb-infobox-image-valign-top\"><div class=\"uagb-ifb-content\"><div class=\"uagb-ifb-image-content\"><img decoding=\"async\" src=\"https:\/\/i0.wp.com\/solucionessepsa.com\/wp-content\/uploads\/2024\/03\/logos.jpg?fit=950%2C0\" alt=\"\" width=\"\" height=\"0\" loading=\"lazy\" data-recalc-dims=\"1\"\/><\/div><div class=\"uagb-ifb-title-wrap\"><h3 class=\"uagb-ifb-title\">Venta de Sustancias Qu\u00edmicas<\/h3><\/div><p class=\"uagb-ifb-desc\">Proporciona a tus clientes acceso a una amplia variedad de sustancias qu\u00edmicas de alta calidad para diversas aplicaciones industriales y cient\u00edficas.<\/p><\/div><\/div>\n<\/div>\n\n\n\n<div class=\"wp-block-uagb-container uagb-block-3f62c349\">\n<div class=\"wp-block-uagb-info-box uagb-block-fd6e6377 uagb-infobox__content-wrap  uagb-infobox-icon-above-title uagb-infobox-image-valign-top\"><div class=\"uagb-ifb-content\"><div class=\"uagb-ifb-image-content\"><img decoding=\"async\" src=\"https:\/\/i0.wp.com\/solucionessepsa.com\/wp-content\/uploads\/2023\/12\/logos-2.jpg?fit=950%2C0\" alt=\"\" width=\"\" height=\"0\" loading=\"lazy\" data-recalc-dims=\"1\"\/><\/div><div class=\"uagb-ifb-title-wrap\"><h3 class=\"uagb-ifb-title\">Material de Laboratorio<\/h3><\/div><p class=\"uagb-ifb-desc\">Suministra todo el material de laboratorio necesario, desde instrumentos b\u00e1sicos hasta consumibles, garantizando un entorno de trabajo eficiente y seguro.<\/p><\/div><\/div>\n<\/div>\n\n\n\n<div class=\"wp-block-uagb-container uagb-block-e04762e4\">\n<div class=\"wp-block-uagb-info-box uagb-block-862c6f8a uagb-infobox__content-wrap  uagb-infobox-icon-above-title uagb-infobox-image-valign-top\"><div class=\"uagb-ifb-content\"><div class=\"uagb-ifb-image-content\"><img decoding=\"async\" src=\"https:\/\/i0.wp.com\/solucionessepsa.com\/wp-content\/uploads\/2024\/03\/logos-1.jpg?fit=950%2C0\" alt=\"\" width=\"\" height=\"0\" loading=\"lazy\" data-recalc-dims=\"1\"\/><\/div><div class=\"uagb-ifb-title-wrap\"><h3 class=\"uagb-ifb-title\">Asesoramiento T\u00e9cnico<\/h3><\/div><p class=\"uagb-ifb-desc\">Ofrece servicios de asesor\u00eda t\u00e9cnica para ayudar a los clientes a seleccionar los productos y equipos m\u00e1s adecuados para sus necesidades espec\u00edficas.<\/p><\/div><\/div>\n<\/div>\n<\/div><\/div>\n\n\n\n<div style=\"height:46px\" aria-hidden=\"true\" class=\"wp-block-spacer\"><\/div>\n\n\n\n<div class=\"wp-block-uagb-advanced-heading uagb-block-c9481b70\"><h2 class=\"uagb-heading-text\">\u00a1Queremos brindarte el mejor servicio posible!<\/h2><\/div>\n\n\n\n<p class=\"has-text-align-center\">Cu\u00e9ntanos m\u00e1s sobre tus necesidades y preferencias para adaptarnos a ti. \u00bfQu\u00e9 servicios est\u00e1s buscando?<\/p>\n\n\n\n<div style=\"height:45px\" aria-hidden=\"true\" class=\"wp-block-spacer\"><\/div>\n\n\n\n<div class=\"wp-block-columns is-layout-flex wp-container-core-columns-layout-1 wp-block-columns-is-layout-flex\">\n<div class=\"wp-block-column is-layout-flow wp-block-column-is-layout-flow\">\n<div class=\"wp-block-uagb-container uagb-block-696f7804 default uagb-is-root-container\">\n<div style=\"height:59px\" aria-hidden=\"true\" class=\"wp-block-spacer\"><\/div>\n\n\n\n<div class=\"wp-block-uagb-advanced-heading uagb-block-49dfb530\"><h3 class=\"uagb-heading-text\">\u00a1D\u00e9janos saber tus dudas llenando el siguiente formulario!<\/h3><\/div>\n\n\n\n<p>\ud83d\udce9 Escr\u00edbenos a: <strong>ventas@solucionessepsa.com<\/strong><\/p>\n\n\n\n<p>\ud83d\udcde Ll\u00e1manos al: <strong>(55) 55 5617 0320<\/strong><\/p>\n\n\n\n<p>\ud83d\udccc Vis\u00edtanos en: Calle Santo Tomas, Manzana 648, lote 12, Colonia Pedregal de Santa \u00darsula Coapa. C.P. 04600, entre San Jorge y Av. Santa \u00darsula<\/p>\n<\/div>\n<\/div>\n\n\n\n<div class=\"wp-block-column is-layout-flow wp-block-column-is-layout-flow\">\n<div class=\"wp-block-uagb-forms uagb-forms__outer-wrap uagb-block-dcbfab5f uagb-forms__medium-btn\"><form class=\"uagb-forms-main-form\" method=\"post\" autocomplete=\"on\" name=\"uagb-form-dcbfab5f\">\n<div class=\"wp-block-uagb-forms-name uagb-forms-name-wrap uagb-forms-field-set uagb-block-2a361765\"><div class=\"uagb-forms-name-label required uagb-forms-input-label\" id=\"2a361765\">Nombre Completo<\/div><input type=\"text\" placeholder=\"Juan P\u00e9rez\" required class=\"uagb-forms-name-input uagb-forms-input\" name=\"2a361765\" autocomplete=\"given-name\"\/><\/div>\n\n\n\n<div class=\"wp-block-uagb-forms-email uagb-forms-email-wrap uagb-forms-field-set uagb-block-52cd9b02\"><div class=\"uagb-forms-email-label required uagb-forms-input-label\" id=\"52cd9b02\">Correo electr\u00f3nico<\/div><input type=\"email\" class=\"uagb-forms-email-input uagb-forms-input\" placeholder=\"ejemplo@correo.com\" required name=\"52cd9b02\" autocomplete=\"email\"\/><\/div>\n\n\n\n<div class=\"wp-block-uagb-forms-select uagb-forms-select-wrap uagb-forms-field-set uagb-block-9c2fa414\"><div class=\"uagb-forms-select-label required uagb-forms-input-label\" id=\"9c2fa414\">Servicio a solicitar<\/div><select class=\"uagb-forms-select-box uagb-forms-input\" required name=\"9c2fa414\"><option value=\"\" disabled selected>Select your option<\/option><option value=\"Compras al Mayoreo\">Compras al Mayoreo<\/option><option value=\"Asesor\u00eda T\u00e9cnica\">Asesor\u00eda T\u00e9cnica<\/option><option value=\"Material de Laboratorio\">Material de Laboratorio<\/option><option value=\"Material de Limpieza\">Material de Limpieza<\/option><\/select><\/div>\n\n\n\n<div class=\"wp-block-uagb-forms-textarea uagb-forms-textarea-wrap uagb-forms-field-set uagb-block-8141f4e8\"><div class=\"uagb-forms-textarea-label required uagb-forms-input-label\" id=\"8141f4e8\">Mensaje<\/div><textarea required class=\"uagb-forms-textarea-input uagb-forms-input\" rows=\"4\" placeholder=\"Introduce tu mensaje\" name=\"8141f4e8\" autocomplete=\"off\"><\/textarea><\/div>\n<div class=\"uagb-forms-form-hidden-data\"><input type=\"hidden\" class=\"uagb_forms_form_label\" value=\"Formulario de Contacto\"\/><input type=\"hidden\" class=\"uagb_forms_form_id\" value=\"uagb-form-dcbfab5f\"\/><\/div><div class=\"uagb-form-reacaptcha-error-dcbfab5f\"><\/div><div class=\"uagb-forms-main-submit-button-wrap wp-block-button\"><button class=\"uagb-forms-main-submit-button wp-block-button__link\"><div class=\"uagb-forms-main-submit-button-text\">Enviar<\/div><\/button><\/div><\/form><div class=\"uagb-forms-success-message-dcbfab5f uagb-forms-submit-message-hide\"><span>El formulario ha sido enviado con \u00e9xito<\/span><\/div><div class=\"uagb-forms-failed-message-dcbfab5f uagb-forms-submit-message-hide\"><span>Ha habido un error con el llenado del frmulario, porfavor, revise los campos e intente enviarlo nuevamente.<\/span><\/div><\/div>\n<\/div>\n<\/div>\n\n\n\n<div style=\"height:100px\" aria-hidden=\"true\" class=\"wp-block-spacer\"><\/div>\n","protected":false},"excerpt":{"rendered":"<p>Nuestros servicios incluyen la venta de sustancias qu\u00edmicas de alta calidad, reactivos especializados para diagn\u00f3stico, suministro de material y equipos de laboratorio de \u00faltima generaci\u00f3n, as\u00ed como soluciones de limpieza espec\u00edficas para entornos de laboratorio. Adem\u00e1s de nuestra amplia oferta de productos, brindamos asesor\u00eda t\u00e9cnica experta para ayudar a nuestros clientes a tomar decisiones informadas &hellip; <\/p>\n<p class=\"link-more\"><a href=\"https:\/\/solucionessepsa.com\/index.php\/servicios\/\" class=\"more-link\">Leer m\u00e1s<span class=\"screen-reader-text\"> \u00abServicios\u00bb<\/span><\/a><\/p>\n","protected":false},"author":1,"featured_media":0,"parent":0,"menu_order":0,"comment_status":"closed","ping_status":"closed","template":"page-templates\/full-width-transparent.php","meta":{"_uag_custom_page_level_css":"","footnotes":""},"jetpack_sharing_enabled":true,"uagb_featured_image_src":{"full":false,"thumbnail":false,"medium":false,"medium_large":false,"large":false,"1536x1536":false,"2048x2048":false,"inspiro-featured-image":false,"inspiro-loop":false,"inspiro-loop@2x":false,"mailpoet_newsletter_max":false,"woocommerce_thumbnail":false,"woocommerce_single":false,"woocommerce_gallery_thumbnail":false},"uagb_author_info":{"display_name":"solucionessepsa.com","author_link":"https:\/\/solucionessepsa.com\/index.php\/author\/solucionessepsa-com\/"},"uagb_comment_info":0,"uagb_excerpt":"Nuestros servicios incluyen la venta de sustancias qu\u00edmicas de alta calidad, reactivos especializados para diagn\u00f3stico, suministro de material y equipos de laboratorio de \u00faltima generaci\u00f3n, as\u00ed como soluciones de limpieza espec\u00edficas para entornos de laboratorio. Adem\u00e1s de nuestra amplia oferta de productos, brindamos asesor\u00eda t\u00e9cnica experta para ayudar a nuestros clientes a tomar decisiones informadas&hellip;","jetpack-related-posts":[],"_links":{"self":[{"href":"https:\/\/solucionessepsa.com\/index.php\/wp-json\/wp\/v2\/pages\/26"}],"collection":[{"href":"https:\/\/solucionessepsa.com\/index.php\/wp-json\/wp\/v2\/pages"}],"about":[{"href":"https:\/\/solucionessepsa.com\/index.php\/wp-json\/wp\/v2\/types\/page"}],"author":[{"embeddable":true,"href":"https:\/\/solucionessepsa.com\/index.php\/wp-json\/wp\/v2\/users\/1"}],"replies":[{"embeddable":true,"href":"https:\/\/solucionessepsa.com\/index.php\/wp-json\/wp\/v2\/comments?post=26"}],"version-history":[{"count":24,"href":"https:\/\/solucionessepsa.com\/index.php\/wp-json\/wp\/v2\/pages\/26\/revisions"}],"predecessor-version":[{"id":426,"href":"https:\/\/solucionessepsa.com\/index.php\/wp-json\/wp\/v2\/pages\/26\/revisions\/426"}],"wp:attachment":[{"href":"https:\/\/solucionessepsa.com\/index.php\/wp-json\/wp\/v2\/media?parent=26"}],"curies":[{"name":"wp","href":"https:\/\/api.w.org\/{rel}","templated":true}]}}