{"id":462,"date":"2024-04-30T22:40:41","date_gmt":"2024-05-01T04:40:41","guid":{"rendered":"https:\/\/solucionessepsa.com\/?page_id=462"},"modified":"2024-05-01T09:46:49","modified_gmt":"2024-05-01T15:46:49","slug":"material-de-laboratorio","status":"publish","type":"page","link":"https:\/\/solucionessepsa.com\/index.php\/material-de-laboratorio\/","title":{"rendered":"Material de Laboratorio"},"content":{"rendered":"\n<div class=\"wp-block-group is-style-default has-light-background-background-color has-background has-global-padding is-layout-constrained wp-block-group-is-layout-constrained\" style=\"padding-top:60px;padding-bottom:60px;padding-left:0\">\n<div style=\"height:100px\" aria-hidden=\"true\" class=\"wp-block-spacer\"><\/div>\n\n\n\n<div class=\"wp-block-group has-global-padding is-layout-constrained wp-block-group-is-layout-constrained\">\n<div class=\"wp-block-columns is-layout-flex wp-container-core-columns-layout-1 wp-block-columns-is-layout-flex\" style=\"padding-top:0;padding-right:0;padding-bottom:0;padding-left:0\">\n<div class=\"wp-block-column is-vertically-aligned-top is-layout-flow wp-block-column-is-layout-flow\" style=\"flex-basis:50%\">\n<figure class=\"wp-block-image alignright size-full\"><img loading=\"lazy\" decoding=\"async\" width=\"950\" height=\"1188\" src=\"https:\/\/i0.wp.com\/solucionessepsa.com\/wp-content\/uploads\/2024\/05\/material_laboratorio-1.png?resize=950%2C1188&#038;ssl=1\" alt=\"\" class=\"wp-image-467\" srcset=\"https:\/\/i0.wp.com\/solucionessepsa.com\/wp-content\/uploads\/2024\/05\/material_laboratorio-1.png?w=1080&amp;ssl=1 1080w, https:\/\/i0.wp.com\/solucionessepsa.com\/wp-content\/uploads\/2024\/05\/material_laboratorio-1.png?resize=240%2C300&amp;ssl=1 240w, https:\/\/i0.wp.com\/solucionessepsa.com\/wp-content\/uploads\/2024\/05\/material_laboratorio-1.png?resize=819%2C1024&amp;ssl=1 819w\" sizes=\"(max-width: 950px) 100vw, 950px\" data-recalc-dims=\"1\" \/><\/figure>\n<\/div>\n\n\n\n<div class=\"wp-block-column is-vertically-aligned-center is-layout-flow wp-block-column-is-layout-flow\" style=\"padding-left:var(--wp--preset--spacing--80);flex-basis:50%\">\n<p class=\"has-text-color\" style=\"color:#238bca\"><strong>MATERIAL DE LABORATORIO DE CALIDAD<\/strong><\/p>\n\n\n\n<h2 class=\"wp-block-heading has-large-font-size\">\u00a1Optimiza tu pr\u00e1ctica m\u00e9dica con la \u00faltima innovaci\u00f3n en tecnolog\u00eda m\u00e9dica!<\/h2>\n\n\n\n<p>Tenemos la soluci\u00f3n integral que elevar\u00e1 el est\u00e1ndar de atenci\u00f3n m\u00e9dica que brindas a tus pacientes.<\/p>\n\n\n\n<p>La precisi\u00f3n y la eficiencia se unen para ofrecerte resultados excepcionales. Dise\u00f1ado con la \u00faltima tecnolog\u00eda en mente, nuestro equipo m\u00e9dico est\u00e1 a la vanguardia de la industria, ofreciendo funcionalidades avanzadas que revolucionar\u00e1n tu pr\u00e1ctica.<\/p>\n<\/div>\n<\/div>\n<\/div>\n<\/div>\n\n\n\n<div class=\"wp-block-group has-global-padding is-layout-constrained wp-block-group-is-layout-constrained\">\n<div class=\"wp-block-group is-layout-flow wp-block-group-is-layout-flow\">\n<div style=\"height:100px\" aria-hidden=\"true\" class=\"wp-block-spacer\"><\/div>\n\n\n\n<p class=\"has-text-align-center has-text-color\" style=\"color:#238bca\"><strong>NUESTROS PRODUCTOS<\/strong><\/p>\n\n\n\n<h3 class=\"wp-block-heading has-text-align-center has-large-font-size\">Beneficios de nuestro Equipo M\u00e9dico<\/h3>\n\n\n\n<div style=\"height:100px\" aria-hidden=\"true\" class=\"wp-block-spacer\"><\/div>\n\n\n\n<div class=\"wp-block-columns is-layout-flex wp-container-core-columns-layout-2 wp-block-columns-is-layout-flex\">\n<div class=\"wp-block-column is-style-default is-layout-flow wp-block-column-is-layout-flow\" style=\"border-style:none;border-width:0px;padding-top:0;padding-right:0;padding-bottom:0;padding-left:0\">\n<div class=\"wp-block-outermost-icon-block aligncenter items-justified-center\"><div class=\"icon-container has-icon-color\" style=\"color:#238bca;width:48px\"><svg xmlns=\"http:\/\/www.w3.org\/2000\/svg\" viewBox=\"0 0 24 24\" aria-hidden=\"true\"><path d=\"M11.776 4.454a.25.25 0 01.448 0l2.069 4.192a.25.25 0 00.188.137l4.626.672a.25.25 0 01.139.426l-3.348 3.263a.25.25 0 00-.072.222l.79 4.607a.25.25 0 01-.362.263l-4.138-2.175a.25.25 0 00-.232 0l-4.138 2.175a.25.25 0 01-.363-.263l.79-4.607a.25.25 0 00-.071-.222L4.754 9.881a.25.25 0 01.139-.426l4.626-.672a.25.25 0 00.188-.137l2.069-4.192z\"><\/path><\/svg><\/div><\/div>\n\n\n\n<h2 class=\"wp-block-heading has-text-align-center has-text-color has-link-color wp-elements-7fd22c15aeb1c48eb68e8b2caf702eae\" style=\"color:#238bca\">Alta precisi\u00f3n<\/h2>\n\n\n\n<p>Desde diagn\u00f3sticos r\u00e1pidos y precisos hasta tratamientos efectivos, nuestro equipo m\u00e9dico garantiza resultados confiables en cada paso del camino.<\/p>\n<\/div>\n\n\n\n<div class=\"wp-block-column is-style-default is-layout-flow wp-block-column-is-layout-flow\" style=\"border-style:none;border-width:0px;padding-top:0;padding-right:0;padding-bottom:0;padding-left:0\">\n<div class=\"wp-block-outermost-icon-block aligncenter items-justified-center\"><div class=\"icon-container has-icon-color\" style=\"color:#238bca;width:48px\"><svg xmlns=\"http:\/\/www.w3.org\/2000\/svg\" viewBox=\"0 0 24 24\" aria-hidden=\"true\"><path d=\"M11.776 4.454a.25.25 0 01.448 0l2.069 4.192a.25.25 0 00.188.137l4.626.672a.25.25 0 01.139.426l-3.348 3.263a.25.25 0 00-.072.222l.79 4.607a.25.25 0 01-.362.263l-4.138-2.175a.25.25 0 00-.232 0l-4.138 2.175a.25.25 0 01-.363-.263l.79-4.607a.25.25 0 00-.071-.222L4.754 9.881a.25.25 0 01.139-.426l4.626-.672a.25.25 0 00.188-.137l2.069-4.192z\"><\/path><\/svg><\/div><\/div>\n\n\n\n<h2 class=\"wp-block-heading has-text-align-center has-text-color has-link-color wp-elements-5e4dd87d14a098ada7c18a873abb6ee3\" style=\"color:#238bca\">Facilidad de Uso<\/h2>\n\n\n\n<p>Dise\u00f1ado con la comodidad del usuario en mente, nustro equipo m\u00e9dico es intuitivo y f\u00e1cil de usar, lo que te permite concentrarte en lo que realmente importa: tus pacientes.<\/p>\n<\/div>\n\n\n\n<div class=\"wp-block-column is-style-default is-layout-flow wp-block-column-is-layout-flow\" style=\"border-style:none;border-width:0px;padding-top:0;padding-right:0;padding-bottom:0;padding-left:0\">\n<div class=\"wp-block-outermost-icon-block aligncenter items-justified-center\"><div class=\"icon-container has-icon-color\" style=\"color:#238bca;width:48px\"><svg xmlns=\"http:\/\/www.w3.org\/2000\/svg\" viewBox=\"0 0 24 24\" aria-hidden=\"true\"><path d=\"M11.776 4.454a.25.25 0 01.448 0l2.069 4.192a.25.25 0 00.188.137l4.626.672a.25.25 0 01.139.426l-3.348 3.263a.25.25 0 00-.072.222l.79 4.607a.25.25 0 01-.362.263l-4.138-2.175a.25.25 0 00-.232 0l-4.138 2.175a.25.25 0 01-.363-.263l.79-4.607a.25.25 0 00-.071-.222L4.754 9.881a.25.25 0 01.139-.426l4.626-.672a.25.25 0 00.188-.137l2.069-4.192z\"><\/path><\/svg><\/div><\/div>\n\n\n\n<h2 class=\"wp-block-heading has-text-align-center has-text-color has-link-color wp-elements-dc97fd01ec6d1b4cb3ce0e5d542cb964\" style=\"color:#238bca\">Versatilidad<\/h2>\n\n\n\n<p>Adapt\u00e1ndose a una amplia gama de especialidades m\u00e9dicas, nuestro equipo es la opci\u00f3n ideal para cl\u00ednicas, hospitales y consultorios privados por igual.<\/p>\n<\/div>\n<\/div>\n<\/div>\n<\/div>\n\n\n\n<div id=\"team\" class=\"wp-block-group has-global-padding is-layout-constrained wp-block-group-is-layout-constrained\">\n<div class=\"wp-block-group is-layout-flow wp-block-group-is-layout-flow\">\n<div style=\"height:74px\" aria-hidden=\"true\" class=\"wp-block-spacer\"><\/div>\n\n\n\n<div style=\"height:47px\" aria-hidden=\"true\" class=\"wp-block-spacer\"><\/div>\n\n\n\n<div style=\"height:0px\" aria-hidden=\"true\" class=\"wp-block-spacer\"><\/div>\n\n\n\n<div class=\"wp-block-columns is-layout-flex wp-container-core-columns-layout-3 wp-block-columns-is-layout-flex\">\n<div class=\"wp-block-column is-style-default is-layout-flow wp-block-column-is-layout-flow\" style=\"border-style:none;border-width:0px;padding-top:0;padding-right:0;padding-bottom:0;padding-left:0\">\n<figure class=\"wp-block-image size-full is-style-default\"><img loading=\"lazy\" decoding=\"async\" width=\"950\" height=\"1689\" src=\"https:\/\/i0.wp.com\/solucionessepsa.com\/wp-content\/uploads\/2023\/12\/historias_Peniel.jpg?resize=950%2C1689\" alt=\"\" class=\"wp-image-193\" srcset=\"https:\/\/i0.wp.com\/solucionessepsa.com\/wp-content\/uploads\/2023\/12\/historias_Peniel.jpg?w=1080&amp;ssl=1 1080w, https:\/\/i0.wp.com\/solucionessepsa.com\/wp-content\/uploads\/2023\/12\/historias_Peniel.jpg?resize=169%2C300&amp;ssl=1 169w, https:\/\/i0.wp.com\/solucionessepsa.com\/wp-content\/uploads\/2023\/12\/historias_Peniel.jpg?resize=576%2C1024&amp;ssl=1 576w\" sizes=\"(max-width: 950px) 100vw, 950px\" data-recalc-dims=\"1\" \/><\/figure>\n<\/div>\n\n\n\n<div class=\"wp-block-column is-style-default is-layout-flow wp-block-column-is-layout-flow\" style=\"border-style:none;border-width:0px;padding-top:0;padding-right:0;padding-bottom:0;padding-left:0\">\n<figure class=\"wp-block-image size-full\"><img loading=\"lazy\" decoding=\"async\" width=\"950\" height=\"1689\" src=\"https:\/\/i0.wp.com\/solucionessepsa.com\/wp-content\/uploads\/2024\/05\/llab2.jpg?resize=950%2C1689&#038;ssl=1\" alt=\"\" class=\"wp-image-470\" srcset=\"https:\/\/i0.wp.com\/solucionessepsa.com\/wp-content\/uploads\/2024\/05\/llab2.jpg?w=1080&amp;ssl=1 1080w, https:\/\/i0.wp.com\/solucionessepsa.com\/wp-content\/uploads\/2024\/05\/llab2.jpg?resize=169%2C300&amp;ssl=1 169w, https:\/\/i0.wp.com\/solucionessepsa.com\/wp-content\/uploads\/2024\/05\/llab2.jpg?resize=576%2C1024&amp;ssl=1 576w\" sizes=\"(max-width: 950px) 100vw, 950px\" data-recalc-dims=\"1\" \/><\/figure>\n<\/div>\n\n\n\n<div class=\"wp-block-column is-style-default is-layout-flow wp-block-column-is-layout-flow\" style=\"border-style:none;border-width:0px;padding-top:0;padding-right:0;padding-bottom:0;padding-left:0\">\n<figure class=\"wp-block-image size-full\"><img loading=\"lazy\" decoding=\"async\" width=\"950\" height=\"1689\" src=\"https:\/\/i0.wp.com\/solucionessepsa.com\/wp-content\/uploads\/2024\/05\/lab1.jpg?resize=950%2C1689&#038;ssl=1\" alt=\"\" class=\"wp-image-471\" srcset=\"https:\/\/i0.wp.com\/solucionessepsa.com\/wp-content\/uploads\/2024\/05\/lab1.jpg?w=1080&amp;ssl=1 1080w, https:\/\/i0.wp.com\/solucionessepsa.com\/wp-content\/uploads\/2024\/05\/lab1.jpg?resize=169%2C300&amp;ssl=1 169w, https:\/\/i0.wp.com\/solucionessepsa.com\/wp-content\/uploads\/2024\/05\/lab1.jpg?resize=576%2C1024&amp;ssl=1 576w\" sizes=\"(max-width: 950px) 100vw, 950px\" data-recalc-dims=\"1\" \/><\/figure>\n<\/div>\n<\/div>\n\n\n\n<div style=\"height:63px\" aria-hidden=\"true\" class=\"wp-block-spacer\"><\/div>\n\n\n\n<div style=\"height:100px\" aria-hidden=\"true\" class=\"wp-block-spacer\"><\/div>\n<\/div>\n<\/div>\n","protected":false},"excerpt":{"rendered":"<p>MATERIAL DE LABORATORIO DE CALIDAD \u00a1Optimiza tu pr\u00e1ctica m\u00e9dica con la \u00faltima innovaci\u00f3n en tecnolog\u00eda m\u00e9dica! Tenemos la soluci\u00f3n integral que elevar\u00e1 el est\u00e1ndar de atenci\u00f3n m\u00e9dica que brindas a tus pacientes. La precisi\u00f3n y la eficiencia se unen para ofrecerte resultados excepcionales. Dise\u00f1ado con la \u00faltima tecnolog\u00eda en mente, nuestro equipo m\u00e9dico est\u00e1 a &hellip; <\/p>\n<p class=\"link-more\"><a href=\"https:\/\/solucionessepsa.com\/index.php\/material-de-laboratorio\/\" class=\"more-link\">Leer m\u00e1s<span class=\"screen-reader-text\"> \u00abMaterial de Laboratorio\u00bb<\/span><\/a><\/p>\n","protected":false},"author":1,"featured_media":0,"parent":0,"menu_order":0,"comment_status":"closed","ping_status":"closed","template":"page-templates\/full-width-transparent.php","meta":{"_uag_custom_page_level_css":"","footnotes":""},"jetpack_sharing_enabled":true,"uagb_featured_image_src":{"full":false,"thumbnail":false,"medium":false,"medium_large":false,"large":false,"1536x1536":false,"2048x2048":false,"inspiro-featured-image":false,"inspiro-loop":false,"inspiro-loop@2x":false,"mailpoet_newsletter_max":false,"woocommerce_thumbnail":false,"woocommerce_single":false,"woocommerce_gallery_thumbnail":false},"uagb_author_info":{"display_name":"solucionessepsa.com","author_link":"https:\/\/solucionessepsa.com\/index.php\/author\/solucionessepsa-com\/"},"uagb_comment_info":0,"uagb_excerpt":"MATERIAL DE LABORATORIO DE CALIDAD \u00a1Optimiza tu pr\u00e1ctica m\u00e9dica con la \u00faltima innovaci\u00f3n en tecnolog\u00eda m\u00e9dica! Tenemos la soluci\u00f3n integral que elevar\u00e1 el est\u00e1ndar de atenci\u00f3n m\u00e9dica que brindas a tus pacientes. La precisi\u00f3n y la eficiencia se unen para ofrecerte resultados excepcionales. Dise\u00f1ado con la \u00faltima tecnolog\u00eda en mente, nuestro equipo m\u00e9dico est\u00e1 a&hellip;","jetpack-related-posts":[],"_links":{"self":[{"href":"https:\/\/solucionessepsa.com\/index.php\/wp-json\/wp\/v2\/pages\/462"}],"collection":[{"href":"https:\/\/solucionessepsa.com\/index.php\/wp-json\/wp\/v2\/pages"}],"about":[{"href":"https:\/\/solucionessepsa.com\/index.php\/wp-json\/wp\/v2\/types\/page"}],"author":[{"embeddable":true,"href":"https:\/\/solucionessepsa.com\/index.php\/wp-json\/wp\/v2\/users\/1"}],"replies":[{"embeddable":true,"href":"https:\/\/solucionessepsa.com\/index.php\/wp-json\/wp\/v2\/comments?post=462"}],"version-history":[{"count":5,"href":"https:\/\/solucionessepsa.com\/index.php\/wp-json\/wp\/v2\/pages\/462\/revisions"}],"predecessor-version":[{"id":483,"href":"https:\/\/solucionessepsa.com\/index.php\/wp-json\/wp\/v2\/pages\/462\/revisions\/483"}],"wp:attachment":[{"href":"https:\/\/solucionessepsa.com\/index.php\/wp-json\/wp\/v2\/media?parent=462"}],"curies":[{"name":"wp","href":"https:\/\/api.w.org\/{rel}","templated":true}]}}