{"id":476,"date":"2024-05-01T09:42:13","date_gmt":"2024-05-01T15:42:13","guid":{"rendered":"https:\/\/solucionessepsa.com\/?page_id=476"},"modified":"2024-05-01T09:50:18","modified_gmt":"2024-05-01T15:50:18","slug":"productos-medicos","status":"publish","type":"page","link":"https:\/\/solucionessepsa.com\/index.php\/productos-medicos\/","title":{"rendered":"Productos M\u00e9dicos"},"content":{"rendered":"\n<div class=\"wp-block-group is-style-default has-light-background-background-color has-background has-global-padding is-layout-constrained wp-block-group-is-layout-constrained\" style=\"padding-top:60px;padding-bottom:60px;padding-left:0\">\n<div style=\"height:100px\" aria-hidden=\"true\" class=\"wp-block-spacer\"><\/div>\n\n\n\n<div class=\"wp-block-group has-global-padding is-layout-constrained wp-block-group-is-layout-constrained\">\n<div class=\"wp-block-columns is-layout-flex wp-container-core-columns-layout-1 wp-block-columns-is-layout-flex\" style=\"padding-top:0;padding-right:0;padding-bottom:0;padding-left:0\">\n<div class=\"wp-block-column is-vertically-aligned-top is-layout-flow wp-block-column-is-layout-flow\" style=\"flex-basis:50%\">\n<figure class=\"wp-block-image alignright size-full\"><img loading=\"lazy\" decoding=\"async\" width=\"950\" height=\"1188\" src=\"https:\/\/i0.wp.com\/solucionessepsa.com\/wp-content\/uploads\/2024\/05\/medico.jpg?resize=950%2C1188&#038;ssl=1\" alt=\"\" class=\"wp-image-477\" srcset=\"https:\/\/i0.wp.com\/solucionessepsa.com\/wp-content\/uploads\/2024\/05\/medico.jpg?w=1080&amp;ssl=1 1080w, https:\/\/i0.wp.com\/solucionessepsa.com\/wp-content\/uploads\/2024\/05\/medico.jpg?resize=240%2C300&amp;ssl=1 240w, https:\/\/i0.wp.com\/solucionessepsa.com\/wp-content\/uploads\/2024\/05\/medico.jpg?resize=819%2C1024&amp;ssl=1 819w\" sizes=\"(max-width: 950px) 100vw, 950px\" data-recalc-dims=\"1\" \/><\/figure>\n<\/div>\n\n\n\n<div class=\"wp-block-column is-vertically-aligned-center is-layout-flow wp-block-column-is-layout-flow\" style=\"padding-left:var(--wp--preset--spacing--80);flex-basis:50%\">\n<p class=\"has-text-color\" style=\"color:#238bca\"><strong>PRODUCTOS M\u00c9DICOS DE CALIDAD<\/strong><\/p>\n\n\n\n<h2 class=\"wp-block-heading has-large-font-size\">\u00a1Prep\u00e1rate para cualquier emergencia con nuestros botiquines de primeros auxilios de alta calidad!<\/h2>\n\n\n\n<p>Desde botiquines completos hasta opciones personalizadas, tenemos todo lo que necesitas para estar preparado ante cualquier eventualidad.<\/p>\n\n\n\n<p>\u00bfBuscas un botiqu\u00edn para empotrar en tu hogar, oficina o veh\u00edculo? Tenemos una variedad de opciones dise\u00f1adas para adaptarse a tus necesidades espec\u00edficas.<\/p>\n\n\n\n<p>\u00bfNecesitas reabastecer tu botiqu\u00edn actual o agregar suministros espec\u00edficos? Ofrecemos una selecci\u00f3n completa de productos de primeros auxilios para que puedas estar listo para cualquier situaci\u00f3n, desde cortes menores hasta emergencias m\u00e1s serias.<\/p>\n<\/div>\n<\/div>\n<\/div>\n<\/div>\n\n\n\n<div class=\"wp-block-group has-global-padding is-layout-constrained wp-block-group-is-layout-constrained\">\n<div class=\"wp-block-group is-layout-flow wp-block-group-is-layout-flow\">\n<div style=\"height:100px\" aria-hidden=\"true\" class=\"wp-block-spacer\"><\/div>\n\n\n\n<p class=\"has-text-align-center has-text-color\" style=\"color:#238bca\"><strong>NUESTROS PRODUCTOS<\/strong><\/p>\n\n\n\n<h3 class=\"wp-block-heading has-text-align-center has-large-font-size\">Beneficios de tener un Botiqu\u00edn de Primeros Auxilios<\/h3>\n\n\n\n<div style=\"height:100px\" aria-hidden=\"true\" class=\"wp-block-spacer\"><\/div>\n\n\n\n<div class=\"wp-block-columns is-layout-flex wp-container-core-columns-layout-2 wp-block-columns-is-layout-flex\">\n<div class=\"wp-block-column is-style-default is-layout-flow wp-block-column-is-layout-flow\" style=\"border-style:none;border-width:0px;padding-top:0;padding-right:0;padding-bottom:0;padding-left:0\">\n<div class=\"wp-block-outermost-icon-block aligncenter items-justified-center\"><div class=\"icon-container has-icon-color\" style=\"color:#238bca;width:48px\"><svg xmlns=\"http:\/\/www.w3.org\/2000\/svg\" viewBox=\"0 0 24 24\" aria-hidden=\"true\"><path d=\"M11.776 4.454a.25.25 0 01.448 0l2.069 4.192a.25.25 0 00.188.137l4.626.672a.25.25 0 01.139.426l-3.348 3.263a.25.25 0 00-.072.222l.79 4.607a.25.25 0 01-.362.263l-4.138-2.175a.25.25 0 00-.232 0l-4.138 2.175a.25.25 0 01-.363-.263l.79-4.607a.25.25 0 00-.071-.222L4.754 9.881a.25.25 0 01.139-.426l4.626-.672a.25.25 0 00.188-.137l2.069-4.192z\"><\/path><\/svg><\/div><\/div>\n\n\n\n<h2 class=\"wp-block-heading has-text-align-center has-text-color has-link-color wp-elements-64b7ae891994ff39c866f5318019d0d7\" style=\"color:#238bca\">Respuesta R\u00e1pida ante emergencias<\/h2>\n\n\n\n<p>Al tener un botiqu\u00edn equipado cerca, puedes responder r\u00e1pidamente ante emergencias m\u00e9dicas. Esto puede marcar la diferencia crucial en situaciones donde cada segundo cuenta, como cortes, quemaduras o picaduras.<\/p>\n<\/div>\n\n\n\n<div class=\"wp-block-column is-style-default is-layout-flow wp-block-column-is-layout-flow\" style=\"border-style:none;border-width:0px;padding-top:0;padding-right:0;padding-bottom:0;padding-left:0\">\n<div class=\"wp-block-outermost-icon-block aligncenter items-justified-center\"><div class=\"icon-container has-icon-color\" style=\"color:#238bca;width:48px\"><svg xmlns=\"http:\/\/www.w3.org\/2000\/svg\" viewBox=\"0 0 24 24\" aria-hidden=\"true\"><path d=\"M11.776 4.454a.25.25 0 01.448 0l2.069 4.192a.25.25 0 00.188.137l4.626.672a.25.25 0 01.139.426l-3.348 3.263a.25.25 0 00-.072.222l.79 4.607a.25.25 0 01-.362.263l-4.138-2.175a.25.25 0 00-.232 0l-4.138 2.175a.25.25 0 01-.363-.263l.79-4.607a.25.25 0 00-.071-.222L4.754 9.881a.25.25 0 01.139-.426l4.626-.672a.25.25 0 00.188-.137l2.069-4.192z\"><\/path><\/svg><\/div><\/div>\n\n\n\n<h2 class=\"wp-block-heading has-text-align-center has-text-color has-link-color wp-elements-47a1d51d153c2171cd98a4df2a234bb8\" style=\"color:#238bca\">Prevenci\u00f3n de complicaciones<\/h2>\n\n\n\n<p>Un botiqu\u00edn bien abastecido te permite tratar heridas y lesiones de manera adecuada en su etapa inicial, lo que ayuda a prevenir complicaciones mayores y a facilitar una recuperaci\u00f3n m\u00e1s r\u00e1pida y efectiva.<\/p>\n<\/div>\n\n\n\n<div class=\"wp-block-column is-style-default is-layout-flow wp-block-column-is-layout-flow\" style=\"border-style:none;border-width:0px;padding-top:0;padding-right:0;padding-bottom:0;padding-left:0\">\n<div class=\"wp-block-outermost-icon-block aligncenter items-justified-center\"><div class=\"icon-container has-icon-color\" style=\"color:#238bca;width:48px\"><svg xmlns=\"http:\/\/www.w3.org\/2000\/svg\" viewBox=\"0 0 24 24\" aria-hidden=\"true\"><path d=\"M11.776 4.454a.25.25 0 01.448 0l2.069 4.192a.25.25 0 00.188.137l4.626.672a.25.25 0 01.139.426l-3.348 3.263a.25.25 0 00-.072.222l.79 4.607a.25.25 0 01-.362.263l-4.138-2.175a.25.25 0 00-.232 0l-4.138 2.175a.25.25 0 01-.363-.263l.79-4.607a.25.25 0 00-.071-.222L4.754 9.881a.25.25 0 01.139-.426l4.626-.672a.25.25 0 00.188-.137l2.069-4.192z\"><\/path><\/svg><\/div><\/div>\n\n\n\n<h2 class=\"wp-block-heading has-text-align-center has-text-color has-link-color wp-elements-17a9a1182115fe86ce155c4e22aab61c\" style=\"color:#238bca\">Mayor tranquilidad y Seguridad<\/h2>\n\n\n\n<p>Contar con un botiqu\u00edn equipado te brinda una sensaci\u00f3n de seguridad y tranquilidad, tanto en el hogar como en entornos de trabajo o recreativos. Saber que tienes los suministros necesarios para manejar una variedad de situaciones de emergencia te permite afrontar cualquier eventualidad con confianza.<\/p>\n<\/div>\n<\/div>\n<\/div>\n<\/div>\n\n\n\n<div id=\"team\" class=\"wp-block-group has-global-padding is-layout-constrained wp-block-group-is-layout-constrained\">\n<div class=\"wp-block-group is-layout-flow wp-block-group-is-layout-flow\">\n<div style=\"height:74px\" aria-hidden=\"true\" class=\"wp-block-spacer\"><\/div>\n\n\n\n<div style=\"height:47px\" aria-hidden=\"true\" class=\"wp-block-spacer\"><\/div>\n\n\n\n<div style=\"height:0px\" aria-hidden=\"true\" class=\"wp-block-spacer\"><\/div>\n\n\n\n<div class=\"wp-block-columns is-layout-flex wp-container-core-columns-layout-3 wp-block-columns-is-layout-flex\">\n<div class=\"wp-block-column is-style-default is-layout-flow wp-block-column-is-layout-flow\" style=\"border-style:none;border-width:0px;padding-top:0;padding-right:0;padding-bottom:0;padding-left:0\">\n<figure class=\"wp-block-image size-full is-style-default\"><img loading=\"lazy\" decoding=\"async\" width=\"950\" height=\"1689\" src=\"https:\/\/i0.wp.com\/solucionessepsa.com\/wp-content\/uploads\/2024\/05\/botiquin1.jpg?resize=950%2C1689&#038;ssl=1\" alt=\"\" class=\"wp-image-478\" srcset=\"https:\/\/i0.wp.com\/solucionessepsa.com\/wp-content\/uploads\/2024\/05\/botiquin1.jpg?w=1080&amp;ssl=1 1080w, https:\/\/i0.wp.com\/solucionessepsa.com\/wp-content\/uploads\/2024\/05\/botiquin1.jpg?resize=169%2C300&amp;ssl=1 169w, https:\/\/i0.wp.com\/solucionessepsa.com\/wp-content\/uploads\/2024\/05\/botiquin1.jpg?resize=576%2C1024&amp;ssl=1 576w\" sizes=\"(max-width: 950px) 100vw, 950px\" data-recalc-dims=\"1\" \/><\/figure>\n<\/div>\n\n\n\n<div class=\"wp-block-column is-style-default is-layout-flow wp-block-column-is-layout-flow\" style=\"border-style:none;border-width:0px;padding-top:0;padding-right:0;padding-bottom:0;padding-left:0\">\n<figure class=\"wp-block-image size-full\"><img loading=\"lazy\" decoding=\"async\" width=\"950\" height=\"1689\" src=\"https:\/\/i0.wp.com\/solucionessepsa.com\/wp-content\/uploads\/2024\/05\/botiquin2.jpg?resize=950%2C1689&#038;ssl=1\" alt=\"\" class=\"wp-image-479\" srcset=\"https:\/\/i0.wp.com\/solucionessepsa.com\/wp-content\/uploads\/2024\/05\/botiquin2.jpg?w=1080&amp;ssl=1 1080w, https:\/\/i0.wp.com\/solucionessepsa.com\/wp-content\/uploads\/2024\/05\/botiquin2.jpg?resize=169%2C300&amp;ssl=1 169w, https:\/\/i0.wp.com\/solucionessepsa.com\/wp-content\/uploads\/2024\/05\/botiquin2.jpg?resize=576%2C1024&amp;ssl=1 576w\" sizes=\"(max-width: 950px) 100vw, 950px\" data-recalc-dims=\"1\" \/><\/figure>\n<\/div>\n\n\n\n<div class=\"wp-block-column is-style-default is-layout-flow wp-block-column-is-layout-flow\" style=\"border-style:none;border-width:0px;padding-top:0;padding-right:0;padding-bottom:0;padding-left:0\">\n<figure class=\"wp-block-image size-full\"><img loading=\"lazy\" decoding=\"async\" width=\"950\" height=\"1689\" src=\"https:\/\/i0.wp.com\/solucionessepsa.com\/wp-content\/uploads\/2024\/05\/botiquin3.jpg?resize=950%2C1689&#038;ssl=1\" alt=\"\" class=\"wp-image-480\" srcset=\"https:\/\/i0.wp.com\/solucionessepsa.com\/wp-content\/uploads\/2024\/05\/botiquin3.jpg?w=1080&amp;ssl=1 1080w, https:\/\/i0.wp.com\/solucionessepsa.com\/wp-content\/uploads\/2024\/05\/botiquin3.jpg?resize=169%2C300&amp;ssl=1 169w, https:\/\/i0.wp.com\/solucionessepsa.com\/wp-content\/uploads\/2024\/05\/botiquin3.jpg?resize=576%2C1024&amp;ssl=1 576w\" sizes=\"(max-width: 950px) 100vw, 950px\" data-recalc-dims=\"1\" \/><\/figure>\n<\/div>\n<\/div>\n\n\n\n<div style=\"height:63px\" aria-hidden=\"true\" class=\"wp-block-spacer\"><\/div>\n\n\n\n<div style=\"height:100px\" aria-hidden=\"true\" class=\"wp-block-spacer\"><\/div>\n<\/div>\n<\/div>\n","protected":false},"excerpt":{"rendered":"<p>PRODUCTOS M\u00c9DICOS DE CALIDAD \u00a1Prep\u00e1rate para cualquier emergencia con nuestros botiquines de primeros auxilios de alta calidad! Desde botiquines completos hasta opciones personalizadas, tenemos todo lo que necesitas para estar preparado ante cualquier eventualidad. \u00bfBuscas un botiqu\u00edn para empotrar en tu hogar, oficina o veh\u00edculo? Tenemos una variedad de opciones dise\u00f1adas para adaptarse a tus &hellip; <\/p>\n<p class=\"link-more\"><a href=\"https:\/\/solucionessepsa.com\/index.php\/productos-medicos\/\" class=\"more-link\">Leer m\u00e1s<span class=\"screen-reader-text\"> \u00abProductos M\u00e9dicos\u00bb<\/span><\/a><\/p>\n","protected":false},"author":1,"featured_media":0,"parent":0,"menu_order":0,"comment_status":"closed","ping_status":"closed","template":"page-templates\/full-width-transparent.php","meta":{"_uag_custom_page_level_css":"","footnotes":""},"jetpack_sharing_enabled":true,"uagb_featured_image_src":{"full":false,"thumbnail":false,"medium":false,"medium_large":false,"large":false,"1536x1536":false,"2048x2048":false,"inspiro-featured-image":false,"inspiro-loop":false,"inspiro-loop@2x":false,"mailpoet_newsletter_max":false,"woocommerce_thumbnail":false,"woocommerce_single":false,"woocommerce_gallery_thumbnail":false},"uagb_author_info":{"display_name":"solucionessepsa.com","author_link":"https:\/\/solucionessepsa.com\/index.php\/author\/solucionessepsa-com\/"},"uagb_comment_info":0,"uagb_excerpt":"PRODUCTOS M\u00c9DICOS DE CALIDAD \u00a1Prep\u00e1rate para cualquier emergencia con nuestros botiquines de primeros auxilios de alta calidad! Desde botiquines completos hasta opciones personalizadas, tenemos todo lo que necesitas para estar preparado ante cualquier eventualidad. \u00bfBuscas un botiqu\u00edn para empotrar en tu hogar, oficina o veh\u00edculo? Tenemos una variedad de opciones dise\u00f1adas para adaptarse a tus&hellip;","jetpack-related-posts":[],"_links":{"self":[{"href":"https:\/\/solucionessepsa.com\/index.php\/wp-json\/wp\/v2\/pages\/476"}],"collection":[{"href":"https:\/\/solucionessepsa.com\/index.php\/wp-json\/wp\/v2\/pages"}],"about":[{"href":"https:\/\/solucionessepsa.com\/index.php\/wp-json\/wp\/v2\/types\/page"}],"author":[{"embeddable":true,"href":"https:\/\/solucionessepsa.com\/index.php\/wp-json\/wp\/v2\/users\/1"}],"replies":[{"embeddable":true,"href":"https:\/\/solucionessepsa.com\/index.php\/wp-json\/wp\/v2\/comments?post=476"}],"version-history":[{"count":1,"href":"https:\/\/solucionessepsa.com\/index.php\/wp-json\/wp\/v2\/pages\/476\/revisions"}],"predecessor-version":[{"id":481,"href":"https:\/\/solucionessepsa.com\/index.php\/wp-json\/wp\/v2\/pages\/476\/revisions\/481"}],"wp:attachment":[{"href":"https:\/\/solucionessepsa.com\/index.php\/wp-json\/wp\/v2\/media?parent=476"}],"curies":[{"name":"wp","href":"https:\/\/api.w.org\/{rel}","templated":true}]}}