{"id":167,"date":"2023-12-28T15:30:27","date_gmt":"2023-12-28T21:30:27","guid":{"rendered":"https:\/\/solucionessepsa.com\/?post_type=product&#038;p=167"},"modified":"2023-12-28T15:37:55","modified_gmt":"2023-12-28T21:37:55","slug":"guantes-de-latex-natural","status":"publish","type":"product","link":"https:\/\/solucionessepsa.com\/index.php\/producto\/guantes-de-latex-natural\/","title":{"rendered":"GUANTES DE LATEX NATURAL"},"content":{"rendered":"<p>SAFEPLUS SIN POLVO DESECHABLES TALLA CHICA, REGISTRO SANITARIO 1837C20018 SSA PAQUETE C\/100 PIEZAS &#8211; CTR<\/p>\n<p>&#8220;PRECIOS EXCLUSIVOS ONLINE&#8221;<\/p>\n<p>PRECIO M\u00c1S IVA. IMAGEN ILUSTRATIVA, PARA M\u00c1S INFORMACI\u00d3N CONT\u00c1CTANOS A TRAV\u00c9S DE NUESTRO CORREO<\/p>\n","protected":false},"excerpt":{"rendered":"<p>Lorem ipsum dolor sit amet. 33 voluptate quisquam ut ipsam culpa id rerum eveniet. Et aliquam dolor eos libero omnis et alias ipsam. Est officia laudantium hic ipsam veniam eos neque laboriosam quo quia provident a obcaecati sapiente ex rerum optio. Est sapiente facilis ad praesentium natus et molestiae Quis est sunt velit id neque tenetur qui odio cumque.<\/p>\n","protected":false},"featured_media":0,"comment_status":"open","ping_status":"closed","template":"","meta":{"_uag_custom_page_level_css":""},"product_cat":[17],"product_tag":[21,20,22,23],"jetpack_sharing_enabled":true,"uagb_featured_image_src":{"full":false,"thumbnail":false,"medium":false,"medium_large":false,"large":false,"1536x1536":false,"2048x2048":false,"inspiro-featured-image":false,"inspiro-loop":false,"inspiro-loop@2x":false,"mailpoet_newsletter_max":false,"woocommerce_thumbnail":false,"woocommerce_single":false,"woocommerce_gallery_thumbnail":false},"uagb_author_info":{"display_name":"solucionessepsa.com","author_link":"https:\/\/solucionessepsa.com\/index.php\/author\/"},"uagb_comment_info":0,"uagb_excerpt":"Lorem ipsum dolor sit amet. 33 voluptate quisquam ut ipsam culpa id rerum eveniet. Et aliquam dolor eos libero omnis et alias ipsam. Est officia laudantium hic ipsam veniam eos neque laboriosam quo quia provident a obcaecati sapiente ex rerum optio. Est sapiente facilis ad praesentium natus et molestiae Quis est sunt velit id neque&hellip;","jetpack-related-posts":[],"_links":{"self":[{"href":"https:\/\/solucionessepsa.com\/index.php\/wp-json\/wp\/v2\/product\/167"}],"collection":[{"href":"https:\/\/solucionessepsa.com\/index.php\/wp-json\/wp\/v2\/product"}],"about":[{"href":"https:\/\/solucionessepsa.com\/index.php\/wp-json\/wp\/v2\/types\/product"}],"replies":[{"embeddable":true,"href":"https:\/\/solucionessepsa.com\/index.php\/wp-json\/wp\/v2\/comments?post=167"}],"wp:attachment":[{"href":"https:\/\/solucionessepsa.com\/index.php\/wp-json\/wp\/v2\/media?parent=167"}],"wp:term":[{"taxonomy":"product_cat","embeddable":true,"href":"https:\/\/solucionessepsa.com\/index.php\/wp-json\/wp\/v2\/product_cat?post=167"},{"taxonomy":"product_tag","embeddable":true,"href":"https:\/\/solucionessepsa.com\/index.php\/wp-json\/wp\/v2\/product_tag?post=167"}],"curies":[{"name":"wp","href":"https:\/\/api.w.org\/{rel}","templated":true}]}}